{"id":9736,"date":"2026-01-26T23:21:45","date_gmt":"2026-01-26T22:21:45","guid":{"rendered":"https:\/\/walz-normalien.com\/shoda-a-smernice-walz-normalien\/"},"modified":"2026-03-01T01:21:36","modified_gmt":"2026-03-01T00:21:36","slug":"shoda-a-smernice-walz-normalien","status":"publish","type":"page","link":"https:\/\/walz-normalien.com\/cs\/shoda-a-smernice-walz-normalien\/","title":{"rendered":"Shoda a sm\u011brnice \u2013 WALZ Normalien"},"content":{"rendered":"\t\t<div data-elementor-type=\"wp-page\" data-elementor-id=\"9736\" class=\"elementor elementor-9736 elementor-9732\">\n\t\t\t\t<div class=\"elementor-element elementor-element-fc8ed6b e-grid e-con-boxed e-con e-parent\" data-id=\"fc8ed6b\" data-element_type=\"container\" data-e-type=\"container\">\n\t\t\t\t\t<div class=\"e-con-inner\">\n\t\t<div class=\"elementor-element elementor-element-5e8cd5a e-con-full e-grid e-con e-child\" data-id=\"5e8cd5a\" data-element_type=\"container\" data-e-type=\"container\">\n\t\t\t\t<div class=\"elementor-element elementor-element-c4382dc elementor-widget elementor-widget-heading\" data-id=\"c4382dc\" data-element_type=\"widget\" data-e-type=\"widget\" data-widget_type=\"heading.default\">\n\t\t\t\t\t<h1 class=\"elementor-heading-title elementor-size-default\">Maxim\u00e1ln\u00ed pr\u00e1vn\u00ed jistota d\u00edky certifikovan\u00e9 technologii zna\u010den\u00ed<\/h1>\t\t\t\t<\/div>\n\t\t\t\t<div class=\"elementor-element elementor-element-892b1a4 elementor-widget elementor-widget-text-editor\" data-id=\"892b1a4\" data-element_type=\"widget\" data-e-type=\"widget\" data-widget_type=\"text-editor.default\">\n\t\t\t\t\t\t\t\t\t<p>V modern\u00ed v\u00fdrob\u011b n\u00e1stroj\u016f a forem nen\u00ed dodr\u017eov\u00e1n\u00ed z\u00e1konn\u00fdch norem voliteln\u00fd dopln\u011bk, ale ekonomick\u00e1 nutnost. Po\u017eadavky na kompletn\u00ed dokumentaci a zaji\u0161t\u011bn\u00ed kvality neust\u00e1le rostou. Ve spole\u010dnosti WALZ Normalien nepova\u017eujeme na\u0161e produkty za pouh\u00e9 drobn\u00e9 d\u00edly, ale za funk\u010dn\u011b relevantn\u00ed sou\u010d\u00e1sti va\u0161eho v\u00fdrobn\u00edho \u0159et\u011bzce.  <\/p>\t\t\t\t\t\t\t\t<\/div>\n\t\t\t\t<div class=\"elementor-element elementor-element-cf76439 elementor-widget elementor-widget-heading\" data-id=\"cf76439\" data-element_type=\"widget\" data-e-type=\"widget\" data-widget_type=\"heading.default\">\n\t\t\t\t\t<h2 class=\"elementor-heading-title elementor-size-default\">Shoda s CE podle sm\u011brnice o strojn\u00edch za\u0159\u00edzen\u00edch 2006\/42\/ES<\/h2>\t\t\t\t<\/div>\n\t\t\t\t<div class=\"elementor-element elementor-element-2933c2f elementor-widget elementor-widget-text-editor\" data-id=\"2933c2f\" data-element_type=\"widget\" data-e-type=\"widget\" data-widget_type=\"text-editor.default\">\n\t\t\t\t\t\t\t\t\t<p data-path-to-node=\"8\">Mnoho u\u017eivatel\u016f si klade ot\u00e1zku, zda se na mal\u00e9 sou\u010d\u00e1sti, jako jsou <a href=\"https:\/\/walz-normalien.com\/cs\/datumove-razitko\/\">datov\u00e9 razn\u00edky<\/a>, v\u016fbec vztahuje povinnost ozna\u010den\u00ed CE. Odpov\u011b\u010f spo\u010d\u00edv\u00e1 ve funkci: Na\u0161e datov\u00e9 razn\u00edky maj\u00ed v z\u00e1vislosti na typu pohybliv\u00e9 sou\u010d\u00e1sti, jako jsou nap\u0159\u00edklad p\u0159esn\u00e9 z\u00e1padkov\u00e9 a vratn\u00e9 mechanismy s definovanou silou pru\u017einy. V zabudovan\u00e9m stavu tyto komponenty p\u016fsob\u00ed p\u0159\u00edmo na v\u00fdrobn\u00ed proces vst\u0159ikovac\u00ed formy. P\u0159eb\u00edraj\u00ed tak funk\u010dn\u011b relevantn\u00ed \u00fakol v r\u00e1mci v\u011bt\u0161\u00edho strojn\u00edho celku.<\/p><p data-path-to-node=\"9\">Z tohoto d\u016fvodu ve spole\u010dnosti Walz systematicky posuzujeme na\u0161e datov\u00e9 razn\u00edky v oblasti p\u016fsobnosti sm\u011brnice o strojn\u00edch za\u0159\u00edzen\u00edch 2006\/42\/ES. Na\u0161\u00edm c\u00edlem je dod\u00e1vat v\u00e1m sou\u010d\u00e1sti, kter\u00e9 zajist\u00ed pr\u00e1vn\u00ed jistotu cel\u00e9ho va\u0161eho za\u0159\u00edzen\u00ed. V procesu hodnocen\u00ed zohled\u0148ujeme zejm\u00e9na 3 kritick\u00e9 faktory:  <\/p><ol start=\"1\" data-path-to-node=\"10\"><li><p data-path-to-node=\"10,0,0\">Mechanick\u00e9 pohyby a vznikaj\u00edc\u00ed vratn\u00e9 s\u00edly.<\/p><\/li><li><p data-path-to-node=\"10,1,0\">Mo\u017en\u00e1 nebezpe\u010d\u00ed b\u011bhem mont\u00e1\u017ee, v provozu i p\u0159i intervalech \u00fadr\u017eby.<\/p><\/li><li><p data-path-to-node=\"10,2,0\">\u00da\u010deln\u00e9 za\u010dlen\u011bn\u00ed do komplexn\u00edch vst\u0159ikovac\u00edch forem.<\/p><\/li><\/ol><p data-path-to-node=\"11\">V\u00fdsledek tohoto procesu je jednozna\u010dn\u00fd: V\u0161echny datov\u00e9 razn\u00edky z na\u0161\u00ed produkce spl\u0148uj\u00ed relevantn\u00ed po\u017eadavky a jsou navr\u017eeny v souladu s CE.<\/p>\t\t\t\t\t\t\t\t<\/div>\n\t\t\t\t<div class=\"elementor-element elementor-element-26abc39 elementor-widget elementor-widget-heading\" data-id=\"26abc39\" data-element_type=\"widget\" data-e-type=\"widget\" data-widget_type=\"heading.default\">\n\t\t\t\t\t<h2 class=\"elementor-heading-title elementor-size-default\">Strukturovan\u00fd postup posuzov\u00e1n\u00ed shody<\/h2>\t\t\t\t<\/div>\n\t\t\t\t<div class=\"elementor-element elementor-element-fbf9f18 elementor-widget elementor-widget-text-editor\" data-id=\"fbf9f18\" data-element_type=\"widget\" data-e-type=\"widget\" data-widget_type=\"text-editor.default\">\n\t\t\t\t\t\t\t\t\t<p data-path-to-node=\"13\">Z\u00e1kladem na\u0161\u00ed d\u016fv\u011bry ve vlastn\u00ed produkty je intern\u011b zaveden\u00fd postup posuzov\u00e1n\u00ed shody. Nespol\u00e9h\u00e1me se na n\u00e1hodn\u00e9 kontroly, ale dodr\u017eujeme strukturovan\u00fd protokol. Tento postup zahrnuje podrobnou anal\u00fdzu pou\u017eit\u00ed ve vst\u0159ikovac\u00ed form\u011b a identifikaci mechanick\u00fdch nebezpe\u010d\u00ed zp\u016fsoben\u00fdch silami pru\u017ein nebo specifick\u00fdmi mont\u00e1\u017en\u00edmi situacemi.  <\/p><p data-path-to-node=\"14\">Krom\u011b toho odvozujeme konstruk\u010dn\u00ed opat\u0159en\u00ed pro minimalizaci rizik a kontrolujeme materi\u00e1ly, l\u00edcov\u00e1n\u00ed a povrchy z hlediska jejich vhodnosti pro trval\u00e9 pr\u016fmyslov\u00e9 pou\u017eit\u00ed. Ka\u017ed\u00e1 technick\u00e1 dokumentace je okam\u017eit\u011b zkontrolov\u00e1na a aktualizov\u00e1na v p\u0159\u00edpad\u011b zm\u011bn produktu, nov\u00fdch velikost\u00ed nebo \u00faprav v dodavatelsk\u00e9m \u0159et\u011bzci. T\u00edmto zp\u016fsobem zaji\u0161\u0165ujeme, \u017ee na\u0161e normalizovan\u00e9 d\u00edly nab\u00edzej\u00ed reprodukovatelnou bezpe\u010dnost i p\u0159i velkos\u00e9riov\u00e9 v\u00fdrob\u011b.  <\/p>\t\t\t\t\t\t\t\t<\/div>\n\t\t\t\t<div class=\"elementor-element elementor-element-9a130f6 elementor-widget elementor-widget-heading\" data-id=\"9a130f6\" data-element_type=\"widget\" data-e-type=\"widget\" data-widget_type=\"heading.default\">\n\t\t\t\t\t<h2 class=\"elementor-heading-title elementor-size-default\">Transparentn\u00ed dokumentace: Prohl\u00e1\u0161en\u00ed o shod\u011b na vy\u017e\u00e1d\u00e1n\u00ed<\/h2>\t\t\t\t<\/div>\n\t\t\t\t<div class=\"elementor-element elementor-element-ceefa73 elementor-widget elementor-widget-text-editor\" data-id=\"ceefa73\" data-element_type=\"widget\" data-e-type=\"widget\" data-widget_type=\"text-editor.default\">\n\t\t\t\t\t\t\t\t\t<p data-path-to-node=\"16\">V praxi stroj\u00edrenstv\u00ed se <a href=\"https:\/\/walz-normalien.com\/cs\/datumove-razitko\/\">datov\u00e9 razn\u00edky<\/a> v\u011bt\u0161inou pou\u017e\u00edvaj\u00ed jako s\u00e9riov\u00e9 zbo\u017e\u00ed ve velk\u00fdch po\u010dtech. V tomto odv\u011btv\u00ed je proto obvykl\u00e9 a efektivn\u011bj\u0161\u00ed uchov\u00e1vat podklady o shod\u011b centr\u00e1ln\u011b, nam\u00edsto p\u0159ikl\u00e1d\u00e1n\u00ed pap\u00edrov\u00fdch dokument\u016f ke ka\u017ed\u00e9 jednotliv\u00e9 z\u00e1silce.<\/p><p data-path-to-node=\"17\">Ve spole\u010dnosti WALZ Normalien proto plat\u00ed jasn\u00fd princip: V\u0161echna hodnocen\u00ed shody CE jsou pln\u011b zdokumentov\u00e1na v na\u0161em syst\u00e9mu. Ve\u0161ker\u00e9 relevantn\u00ed dokumenty pro v\u00e1s uchov\u00e1v\u00e1me k dispozici. Pokud pot\u0159ebujete ofici\u00e1ln\u00ed prohl\u00e1\u0161en\u00ed pro audit nebo specifickou dokumentaci stroje, poskytneme v\u00e1m je na vy\u017e\u00e1d\u00e1n\u00ed v kr\u00e1tk\u00e9 dob\u011b. Tento postup je pevn\u011b zaveden a akceptov\u00e1n u renomovan\u00fdch v\u00fdrobc\u016f OEM a v profesion\u00e1ln\u00edch syst\u00e9mech zaji\u0161\u0165ov\u00e1n\u00ed kvality.   <\/p>\t\t\t\t\t\t\t\t<\/div>\n\t\t\t\t<div class=\"elementor-element elementor-element-0025915 elementor-widget elementor-widget-heading\" data-id=\"0025915\" data-element_type=\"widget\" data-e-type=\"widget\" data-widget_type=\"heading.default\">\n\t\t\t\t\t<h2 class=\"elementor-heading-title elementor-size-default\">Shoda s REACH &amp; RoHS d\u00edky strategii materi\u00e1l\u016f<\/h2>\t\t\t\t<\/div>\n\t\t<div class=\"elementor-element elementor-element-8d7e7e7 e-con-full e-grid e-con e-child\" data-id=\"8d7e7e7\" data-element_type=\"container\" data-e-type=\"container\">\n\t\t\t\t<div class=\"elementor-element elementor-element-72d5a55 elementor-widget elementor-widget-text-editor\" data-id=\"72d5a55\" data-element_type=\"widget\" data-e-type=\"widget\" data-widget_type=\"text-editor.default\">\n\t\t\t\t\t\t\t\t\t<p data-path-to-node=\"19\">Krom\u011b mechanick\u00e9 bezpe\u010dnosti hraje st\u00e1le v\u011bt\u0161\u00ed roli i materi\u00e1lov\u00e1 shoda. Na\u0161e produkty jsou pln\u011b v souladu s RoHS a neobsahuj\u00ed \u017e\u00e1dn\u00e9 zak\u00e1zan\u00e9 l\u00e1tky. Krom\u011b toho spl\u0148uj\u00ed po\u017eadavky na\u0159\u00edzen\u00ed REACH jako v\u00fdrobky bez \u00famysln\u00e9ho uvol\u0148ov\u00e1n\u00ed l\u00e1tek.  <\/p><p data-path-to-node=\"20\">To, co n\u00e1s jasn\u011b odli\u0161uje od konkurence, je na\u0161e d\u016fsledn\u00e1 strategie materi\u00e1l\u016f. Zat\u00edmco mnoho \u00fa\u010dastn\u00edk\u016f trhu s\u00e1z\u00ed na prom\u011bnliv\u00e9 materi\u00e1ly nebo nakupovan\u00e9 d\u00edly bez prok\u00e1z\u00e1n\u00ed p\u016fvodu, spole\u010dnost Walz investuje do pevn\u00fdch dodavatelsk\u00fdch \u0159et\u011bzc\u016f. Vyu\u017e\u00edv\u00e1me c\u00edlen\u011b vybran\u00e9, konstantn\u00ed materi\u00e1ly a stabiln\u00ed slitiny. Pro ka\u017edou pou\u017eitou ocel jsou k dispozici osv\u011bd\u010den\u00ed o materi\u00e1lu a doklady o materi\u00e1lu. Prost\u0159ednictv\u00edm tohoto systematick\u00e9ho hodnocen\u00ed slo\u017eek v\u00e1m garantujeme bezpe\u010dnost, kter\u00e1 dalece p\u0159esahuje obvyklou \u00farove\u0148 na trhu.    <\/p>\t\t\t\t\t\t\t\t<\/div>\n\t\t\t\t<div class=\"elementor-element elementor-element-6c55d0b elementor-widget elementor-widget-image\" data-id=\"6c55d0b\" data-element_type=\"widget\" data-e-type=\"widget\" data-widget_type=\"image.default\">\n\t\t\t\t\t\t\t\t\t\t\t\t\t\t\t<img fetchpriority=\"high\" decoding=\"async\" width=\"1000\" height=\"811\" src=\"https:\/\/walz-normalien.com\/wp-content\/uploads\/2026\/01\/WhatsApp-Image-2026-01-25-at-13.47.43.jpeg\" class=\"attachment-large size-large wp-image-9751\" alt=\"CE REACH RoHS\" srcset=\"https:\/\/walz-normalien.com\/wp-content\/uploads\/2026\/01\/WhatsApp-Image-2026-01-25-at-13.47.43.jpeg 1000w, https:\/\/walz-normalien.com\/wp-content\/uploads\/2026\/01\/WhatsApp-Image-2026-01-25-at-13.47.43-300x243.jpeg 300w, https:\/\/walz-normalien.com\/wp-content\/uploads\/2026\/01\/WhatsApp-Image-2026-01-25-at-13.47.43-768x623.jpeg 768w, https:\/\/walz-normalien.com\/wp-content\/uploads\/2026\/01\/WhatsApp-Image-2026-01-25-at-13.47.43-200x162.jpeg 200w\" sizes=\"(max-width: 1000px) 100vw, 1000px\" \/>\t\t\t\t\t\t\t\t\t\t\t\t\t\t\t<\/div>\n\t\t\t\t<\/div>\n\t\t\t\t<div class=\"elementor-element elementor-element-52aca53 elementor-widget elementor-widget-heading\" data-id=\"52aca53\" data-element_type=\"widget\" data-e-type=\"widget\" data-widget_type=\"heading.default\">\n\t\t\t\t\t<h2 class=\"elementor-heading-title elementor-size-default\">N\u00e1\u0161 rozd\u00edl: Dokumentovan\u00e1 bezpe\u010dnost pro va\u0161i produkci<\/h2>\t\t\t\t<\/div>\n\t\t\t\t<div class=\"elementor-element elementor-element-d96e8e4 elementor-widget elementor-widget-text-editor\" data-id=\"d96e8e4\" data-element_type=\"widget\" data-e-type=\"widget\" data-widget_type=\"text-editor.default\">\n\t\t\t\t\t\t\t\t\t<p>Ve spole\u010dnosti WALZ Normalien v\u011bdom\u011b investujeme do technick\u00fdch anal\u00fdz rizik a konstrukce v souladu s normami. Na\u0161\u00edm c\u00edlem je prodat v\u00e1m nejen sou\u010d\u00e1st, ale i o jednu starost m\u00e9n\u011b. Prost\u0159ednictv\u00edm na\u0161ich sledovateln\u00fdch dodavatelsk\u00fdch \u0159et\u011bzc\u016f a strukturovan\u00e9ho hodnocen\u00ed podle sm\u011brnice o strojn\u00edch za\u0159\u00edzen\u00edch 2006\/42\/ES v\u00e1m nab\u00edz\u00edme bezpe\u010dnost, kterou pot\u0159ebujete pro bezprobl\u00e9mov\u00fd provoz a pr\u00e1vn\u011b bezpe\u010dn\u00fd export.  <\/p>\t\t\t\t\t\t\t\t<\/div>\n\t\t\t\t<\/div>\n\t\t\t\t\t<\/div>\n\t\t\t\t<\/div>\n\t\t\t\t<\/div>\n\t\t","protected":false},"excerpt":{"rendered":"<p>Maxim\u00e1ln\u00ed pr\u00e1vn\u00ed jistota d\u00edky certifikovan\u00e9 technologii zna\u010den\u00ed V modern\u00ed v\u00fdrob\u011b n\u00e1stroj\u016f a forem nen\u00ed dodr\u017eov\u00e1n\u00ed z\u00e1konn\u00fdch norem voliteln\u00fd dopln\u011bk, ale ekonomick\u00e1 nutnost. Po\u017eadavky na kompletn\u00ed dokumentaci a zaji\u0161t\u011bn\u00ed kvality neust\u00e1le rostou. Ve spole\u010dnosti WALZ Normalien nepova\u017eujeme na\u0161e produkty za pouh\u00e9 drobn\u00e9 d\u00edly, ale za funk\u010dn\u011b relevantn\u00ed sou\u010d\u00e1sti va\u0161eho v\u00fdrobn\u00edho \u0159et\u011bzce. Shoda s CE podle sm\u011brnice&#8230;<\/p>\n","protected":false},"author":1,"featured_media":0,"parent":0,"menu_order":0,"comment_status":"closed","ping_status":"closed","template":"","meta":{"inline_featured_image":false,"_kad_post_transparent":"","_kad_post_title":"","_kad_post_layout":"","_kad_post_sidebar_id":"","_kad_post_content_style":"","_kad_post_vertical_padding":"","_kad_post_feature":"","_kad_post_feature_position":"","_kad_post_header":false,"_kad_post_footer":false,"_kad_post_classname":"","footnotes":""},"class_list":["post-9736","page","type-page","status-publish","hentry"],"_links":{"self":[{"href":"https:\/\/walz-normalien.com\/cs\/wp-json\/wp\/v2\/pages\/9736","targetHints":{"allow":["GET"]}}],"collection":[{"href":"https:\/\/walz-normalien.com\/cs\/wp-json\/wp\/v2\/pages"}],"about":[{"href":"https:\/\/walz-normalien.com\/cs\/wp-json\/wp\/v2\/types\/page"}],"author":[{"embeddable":true,"href":"https:\/\/walz-normalien.com\/cs\/wp-json\/wp\/v2\/users\/1"}],"replies":[{"embeddable":true,"href":"https:\/\/walz-normalien.com\/cs\/wp-json\/wp\/v2\/comments?post=9736"}],"version-history":[{"count":0,"href":"https:\/\/walz-normalien.com\/cs\/wp-json\/wp\/v2\/pages\/9736\/revisions"}],"wp:attachment":[{"href":"https:\/\/walz-normalien.com\/cs\/wp-json\/wp\/v2\/media?parent=9736"}],"curies":[{"name":"wp","href":"https:\/\/api.w.org\/{rel}","templated":true}]}}