{"id":4256,"date":"2025-11-27T01:37:49","date_gmt":"2025-11-27T00:37:49","guid":{"rendered":"https:\/\/walz-normalien.com\/produkt\/dap-datumove-razitko-plan\/"},"modified":"2025-11-27T01:37:49","modified_gmt":"2025-11-27T00:37:49","slug":"dap-datumove-razitko-plan","status":"publish","type":"product","link":"https:\/\/walz-normalien.com\/cs\/produkt\/dap-datumove-razitko-plan\/","title":{"rendered":"DAP \u2013 Datumov\u00e9 raz\u00edtko Plan"},"content":{"rendered":"<p>Datumov\u00e9 raz\u00edtko bez nastaven\u00ed v\u00fd\u0161ky, \u0161roubovateln\u00e9 zezadu<\/p>\n","protected":false},"excerpt":{"rendered":"<p>Datumov\u00e9 raz\u00edtko bez nastaven\u00ed v\u00fd\u0161ky, \u0161roubovateln\u00e9 zezadu<\/p>\n","protected":false},"featured_media":10948,"template":"","meta":{"inline_featured_image":false,"_kad_post_transparent":"","_kad_post_title":"","_kad_post_layout":"","_kad_post_sidebar_id":"","_kad_post_content_style":"","_kad_post_vertical_padding":"","_kad_post_feature":"","_kad_post_feature_position":"","_kad_post_header":false,"_kad_post_footer":false,"_kad_post_classname":""},"product_brand":[],"product_cat":[],"product_tag":[109,134],"class_list":{"0":"post-4256","1":"product","2":"type-product","3":"status-publish","4":"has-post-thumbnail","6":"product_tag-dap-datumove-razitko-plan","7":"product_tag-datumove-razitko-plan","9":"first","10":"instock","11":"taxable","12":"shipping-taxable","13":"purchasable","14":"product-type-variable","15":"entry","16":"content-bg","17":"loop-entry"},"_links":{"self":[{"href":"https:\/\/walz-normalien.com\/cs\/wp-json\/wp\/v2\/product\/4256","targetHints":{"allow":["GET"]}}],"collection":[{"href":"https:\/\/walz-normalien.com\/cs\/wp-json\/wp\/v2\/product"}],"about":[{"href":"https:\/\/walz-normalien.com\/cs\/wp-json\/wp\/v2\/types\/product"}],"wp:featuredmedia":[{"embeddable":true,"href":"https:\/\/walz-normalien.com\/cs\/wp-json\/wp\/v2\/media\/10948"}],"wp:attachment":[{"href":"https:\/\/walz-normalien.com\/cs\/wp-json\/wp\/v2\/media?parent=4256"}],"wp:term":[{"taxonomy":"product_brand","embeddable":true,"href":"https:\/\/walz-normalien.com\/cs\/wp-json\/wp\/v2\/product_brand?post=4256"},{"taxonomy":"product_cat","embeddable":true,"href":"https:\/\/walz-normalien.com\/cs\/wp-json\/wp\/v2\/product_cat?post=4256"},{"taxonomy":"product_tag","embeddable":true,"href":"https:\/\/walz-normalien.com\/cs\/wp-json\/wp\/v2\/product_tag?post=4256"}],"curies":[{"name":"wp","href":"https:\/\/api.w.org\/{rel}","templated":true}]}}