{"id":5416,"date":"2025-11-27T01:39:10","date_gmt":"2025-11-27T00:39:10","guid":{"rendered":"https:\/\/walz-normalien.com\/produkt\/dapf-datumove-razitko-plan-montaz-zepredu\/"},"modified":"2025-11-27T01:39:10","modified_gmt":"2025-11-27T00:39:10","slug":"dapf-datumove-razitko-plan-montaz-zepredu","status":"publish","type":"product","link":"https:\/\/walz-normalien.com\/cs\/produkt\/dapf-datumove-razitko-plan-montaz-zepredu\/","title":{"rendered":"DAPF \u2013 Datumov\u00e9 raz\u00edtko Plan, mont\u00e1\u017e zep\u0159edu"},"content":{"rendered":"<p>Datumov\u00e9 raz\u00edtko bez nastaven\u00ed v\u00fd\u0161ky, montovateln\u00e9 zep\u0159edu<\/p>\n","protected":false},"excerpt":{"rendered":"<p>Datumov\u00e9 raz\u00edtko bez nastaven\u00ed v\u00fd\u0161ky, montovateln\u00e9 zep\u0159edu<\/p>\n","protected":false},"featured_media":11005,"template":"","meta":{"inline_featured_image":false,"_kad_post_transparent":"","_kad_post_title":"","_kad_post_layout":"","_kad_post_sidebar_id":"","_kad_post_content_style":"","_kad_post_vertical_padding":"","_kad_post_feature":"","_kad_post_feature_position":"","_kad_post_header":false,"_kad_post_footer":false,"_kad_post_classname":""},"product_brand":[],"product_cat":[],"product_tag":[135,134],"class_list":{"0":"post-5416","1":"product","2":"type-product","3":"status-publish","4":"has-post-thumbnail","6":"product_tag-dapf","7":"product_tag-datumove-razitko-plan","9":"first","10":"instock","11":"taxable","12":"shipping-taxable","13":"purchasable","14":"product-type-variable","15":"entry","16":"content-bg","17":"loop-entry"},"_links":{"self":[{"href":"https:\/\/walz-normalien.com\/cs\/wp-json\/wp\/v2\/product\/5416","targetHints":{"allow":["GET"]}}],"collection":[{"href":"https:\/\/walz-normalien.com\/cs\/wp-json\/wp\/v2\/product"}],"about":[{"href":"https:\/\/walz-normalien.com\/cs\/wp-json\/wp\/v2\/types\/product"}],"wp:featuredmedia":[{"embeddable":true,"href":"https:\/\/walz-normalien.com\/cs\/wp-json\/wp\/v2\/media\/11005"}],"wp:attachment":[{"href":"https:\/\/walz-normalien.com\/cs\/wp-json\/wp\/v2\/media?parent=5416"}],"wp:term":[{"taxonomy":"product_brand","embeddable":true,"href":"https:\/\/walz-normalien.com\/cs\/wp-json\/wp\/v2\/product_brand?post=5416"},{"taxonomy":"product_cat","embeddable":true,"href":"https:\/\/walz-normalien.com\/cs\/wp-json\/wp\/v2\/product_cat?post=5416"},{"taxonomy":"product_tag","embeddable":true,"href":"https:\/\/walz-normalien.com\/cs\/wp-json\/wp\/v2\/product_tag?post=5416"}],"curies":[{"name":"wp","href":"https:\/\/api.w.org\/{rel}","templated":true}]}}