{"id":7086,"date":"2025-11-29T06:27:16","date_gmt":"2025-11-29T05:27:16","guid":{"rendered":"https:\/\/walz-normalien.com\/produkt\/sk-kratke-polohovaci-prvky\/"},"modified":"2025-11-29T06:27:16","modified_gmt":"2025-11-29T05:27:16","slug":"sk-kratke-polohovaci-prvky","status":"publish","type":"product","link":"https:\/\/walz-normalien.com\/cs\/produkt\/sk-kratke-polohovaci-prvky\/","title":{"rendered":"SK \u2013 Kr\u00e1tk\u00e9 polohovac\u00ed prvky"},"content":{"rendered":"<p>Kr\u00e1tk\u00e9 polohovac\u00ed prvky konstruk\u010dn\u011b shodn\u00e9 pro DK a DKH<\/p>\n","protected":false},"excerpt":{"rendered":"<p>Kr\u00e1tk\u00e9 polohovac\u00ed prvky konstruk\u010dn\u011b shodn\u00e9 pro DK a DKH<\/p>\n","protected":false},"featured_media":11032,"template":"","meta":{"inline_featured_image":false,"_kad_post_transparent":"","_kad_post_title":"","_kad_post_layout":"","_kad_post_sidebar_id":"","_kad_post_content_style":"","_kad_post_vertical_padding":"","_kad_post_feature":"","_kad_post_feature_position":"","_kad_post_header":false,"_kad_post_footer":false,"_kad_post_classname":""},"product_brand":[],"product_cat":[],"product_tag":[159,158],"class_list":{"0":"post-7086","1":"product","2":"type-product","3":"status-publish","4":"has-post-thumbnail","6":"product_tag-kratke-polohovaci-prvky","7":"product_tag-sk","9":"first","10":"instock","11":"taxable","12":"shipping-taxable","13":"purchasable","14":"product-type-variable","15":"entry","16":"content-bg","17":"loop-entry"},"_links":{"self":[{"href":"https:\/\/walz-normalien.com\/cs\/wp-json\/wp\/v2\/product\/7086","targetHints":{"allow":["GET"]}}],"collection":[{"href":"https:\/\/walz-normalien.com\/cs\/wp-json\/wp\/v2\/product"}],"about":[{"href":"https:\/\/walz-normalien.com\/cs\/wp-json\/wp\/v2\/types\/product"}],"wp:featuredmedia":[{"embeddable":true,"href":"https:\/\/walz-normalien.com\/cs\/wp-json\/wp\/v2\/media\/11032"}],"wp:attachment":[{"href":"https:\/\/walz-normalien.com\/cs\/wp-json\/wp\/v2\/media?parent=7086"}],"wp:term":[{"taxonomy":"product_brand","embeddable":true,"href":"https:\/\/walz-normalien.com\/cs\/wp-json\/wp\/v2\/product_brand?post=7086"},{"taxonomy":"product_cat","embeddable":true,"href":"https:\/\/walz-normalien.com\/cs\/wp-json\/wp\/v2\/product_cat?post=7086"},{"taxonomy":"product_tag","embeddable":true,"href":"https:\/\/walz-normalien.com\/cs\/wp-json\/wp\/v2\/product_tag?post=7086"}],"curies":[{"name":"wp","href":"https:\/\/api.w.org\/{rel}","templated":true}]}}