{"id":4088,"date":"2025-11-27T01:37:49","date_gmt":"2025-11-27T00:37:49","guid":{"rendered":"https:\/\/walz-normalien.com\/produkt\/dap-datownik-plan\/"},"modified":"2025-11-27T01:37:49","modified_gmt":"2025-11-27T00:37:49","slug":"dap-datownik-plan","status":"publish","type":"product","link":"https:\/\/walz-normalien.com\/pl\/produkt\/dap-datownik-plan\/","title":{"rendered":"DAP \u2013 Datownik Plan"},"content":{"rendered":"<p>Datownik bez regulacji wysoko\u015bci, przykr\u0119cany od ty\u0142u<\/p>\n","protected":false},"excerpt":{"rendered":"<p>Datownik bez regulacji wysoko\u015bci, przykr\u0119cany od ty\u0142u<\/p>\n","protected":false},"featured_media":10950,"template":"","meta":{"inline_featured_image":false,"_kad_post_transparent":"","_kad_post_title":"","_kad_post_layout":"","_kad_post_sidebar_id":"","_kad_post_content_style":"","_kad_post_vertical_padding":"","_kad_post_feature":"","_kad_post_feature_position":"","_kad_post_header":false,"_kad_post_footer":false,"_kad_post_classname":""},"product_brand":[],"product_cat":[],"product_tag":[105,130],"class_list":{"0":"post-4088","1":"product","2":"type-product","3":"status-publish","4":"has-post-thumbnail","6":"product_tag-dap-datownik-plan","7":"product_tag-datownik-plan","9":"first","10":"instock","11":"taxable","12":"shipping-taxable","13":"purchasable","14":"product-type-variable","15":"entry","16":"content-bg","17":"loop-entry"},"_links":{"self":[{"href":"https:\/\/walz-normalien.com\/pl\/wp-json\/wp\/v2\/product\/4088","targetHints":{"allow":["GET"]}}],"collection":[{"href":"https:\/\/walz-normalien.com\/pl\/wp-json\/wp\/v2\/product"}],"about":[{"href":"https:\/\/walz-normalien.com\/pl\/wp-json\/wp\/v2\/types\/product"}],"wp:featuredmedia":[{"embeddable":true,"href":"https:\/\/walz-normalien.com\/pl\/wp-json\/wp\/v2\/media\/10950"}],"wp:attachment":[{"href":"https:\/\/walz-normalien.com\/pl\/wp-json\/wp\/v2\/media?parent=4088"}],"wp:term":[{"taxonomy":"product_brand","embeddable":true,"href":"https:\/\/walz-normalien.com\/pl\/wp-json\/wp\/v2\/product_brand?post=4088"},{"taxonomy":"product_cat","embeddable":true,"href":"https:\/\/walz-normalien.com\/pl\/wp-json\/wp\/v2\/product_cat?post=4088"},{"taxonomy":"product_tag","embeddable":true,"href":"https:\/\/walz-normalien.com\/pl\/wp-json\/wp\/v2\/product_tag?post=4088"}],"curies":[{"name":"wp","href":"https:\/\/api.w.org\/{rel}","templated":true}]}}